{"id":2516,"date":"2023-11-10T16:20:33","date_gmt":"2023-11-10T15:20:33","guid":{"rendered":"https:\/\/ruwannawasi.com\/?post_type=product&#038;p=2516"},"modified":"2024-12-08T00:01:30","modified_gmt":"2024-12-07T23:01:30","slug":"capa-alicia","status":"publish","type":"product","link":"https:\/\/ruwannawasi.com\/en\/product\/capa-alicia\/","title":{"rendered":"Capa Alicia"},"content":{"rendered":"","protected":false},"excerpt":{"rendered":"<p>La capa Alicia es una elegante prenda confeccionada con suave fibra de baby alpaca, conocida por su lujosa textura y calidez. Su dise\u00f1o incluye una armoniosa combinaci\u00f3n de colores en un cautivador subdise\u00f1o, que a\u00f1ade un toque de sofisticaci\u00f3n y estilo a esta pieza \u00fanica. Ideal para mantenerse abrigado con distinci\u00f3n y encanto.<\/p>","protected":false},"featured_media":2517,"template":"","meta":{"_eb_attr":"","_uag_custom_page_level_css":"","site-sidebar-layout":"default","site-content-layout":"","ast-site-content-layout":"default","site-content-style":"default","site-sidebar-style":"default","ast-global-header-display":"","ast-banner-title-visibility":"","ast-main-header-display":"","ast-hfb-above-header-display":"","ast-hfb-below-header-display":"","ast-hfb-mobile-header-display":"","site-post-title":"","ast-breadcrumbs-content":"","ast-featured-img":"","footer-sml-layout":"","theme-transparent-header-meta":"default","adv-header-id-meta":"","stick-header-meta":"","header-above-stick-meta":"","header-main-stick-meta":"","header-below-stick-meta":"","astra-migrate-meta-layouts":"set","ast-page-background-enabled":"default","ast-page-background-meta":{"desktop":{"background-color":"var(--ast-global-color-4)","background-image":"","background-repeat":"repeat","background-position":"center center","background-size":"auto","background-attachment":"scroll","background-type":"","background-media":"","overlay-type":"","overlay-color":"","overlay-opacity":"","overlay-gradient":""},"tablet":{"background-color":"","background-image":"","background-repeat":"repeat","background-position":"center center","background-size":"auto","background-attachment":"scroll","background-type":"","background-media":"","overlay-type":"","overlay-color":"","overlay-opacity":"","overlay-gradient":""},"mobile":{"background-color":"","background-image":"","background-repeat":"repeat","background-position":"center center","background-size":"auto","background-attachment":"scroll","background-type":"","background-media":"","overlay-type":"","overlay-color":"","overlay-opacity":"","overlay-gradient":""}},"ast-content-background-meta":{"desktop":{"background-color":"var(--ast-global-color-5)","background-image":"","background-repeat":"repeat","background-position":"center center","background-size":"auto","background-attachment":"scroll","background-type":"","background-media":"","overlay-type":"","overlay-color":"","overlay-opacity":"","overlay-gradient":""},"tablet":{"background-color":"var(--ast-global-color-5)","background-image":"","background-repeat":"repeat","background-position":"center center","background-size":"auto","background-attachment":"scroll","background-type":"","background-media":"","overlay-type":"","overlay-color":"","overlay-opacity":"","overlay-gradient":""},"mobile":{"background-color":"var(--ast-global-color-5)","background-image":"","background-repeat":"repeat","background-position":"center center","background-size":"auto","background-attachment":"scroll","background-type":"","background-media":"","overlay-type":"","overlay-color":"","overlay-opacity":"","overlay-gradient":""}}},"product_brand":[],"product_cat":[15,26],"product_tag":[],"class_list":{"0":"post-2516","1":"product","2":"type-product","3":"status-publish","4":"has-post-thumbnail","6":"product_cat-mujer","7":"product_cat-capas-ponchos","8":"desktop-align-center","9":"tablet-align-left","10":"mobile-align-center","12":"first","13":"instock","14":"shipping-taxable","15":"purchasable","16":"product-type-simple"},"uagb_featured_image_src":{"full":["https:\/\/ruwannawasi.com\/wp-content\/uploads\/2023\/11\/DSC4364-scaled.jpg",1709,2560,false],"thumbnail":["https:\/\/ruwannawasi.com\/wp-content\/uploads\/2023\/11\/DSC4364-150x150.jpg",150,150,true],"medium":["https:\/\/ruwannawasi.com\/wp-content\/uploads\/2023\/11\/DSC4364-200x300.jpg",200,300,true],"medium_large":["https:\/\/ruwannawasi.com\/wp-content\/uploads\/2023\/11\/DSC4364-768x1150.jpg",768,1150,true],"large":["https:\/\/ruwannawasi.com\/wp-content\/uploads\/2023\/11\/DSC4364-684x1024.jpg",684,1024,true],"1536x1536":["https:\/\/ruwannawasi.com\/wp-content\/uploads\/2023\/11\/DSC4364-1025x1536.jpg",1025,1536,true],"2048x2048":["https:\/\/ruwannawasi.com\/wp-content\/uploads\/2023\/11\/DSC4364-1367x2048.jpg",1367,2048,true],"trp-custom-language-flag":["https:\/\/ruwannawasi.com\/wp-content\/uploads\/2023\/11\/DSC4364-scaled.jpg",8,12,false],"woocommerce_thumbnail":["https:\/\/ruwannawasi.com\/wp-content\/uploads\/2023\/11\/DSC4364-300x390.jpg",300,390,true],"woocommerce_single":["https:\/\/ruwannawasi.com\/wp-content\/uploads\/2023\/11\/DSC4364-700x1049.jpg",700,1049,true],"woocommerce_gallery_thumbnail":["https:\/\/ruwannawasi.com\/wp-content\/uploads\/2023\/11\/DSC4364-100x100.jpg",100,100,true],"variation_swatches_image_size":["https:\/\/ruwannawasi.com\/wp-content\/uploads\/2023\/11\/DSC4364-50x50.jpg",50,50,true],"variation_swatches_tooltip_size":["https:\/\/ruwannawasi.com\/wp-content\/uploads\/2023\/11\/DSC4364-100x100.jpg",100,100,true]},"uagb_author_info":{"display_name":"winnybrendachuctayahuamani@gmail.com","author_link":"https:\/\/ruwannawasi.com\/en\/author\/"},"uagb_comment_info":0,"uagb_excerpt":"La capa Alicia es una elegante prenda confeccionada con suave fibra de baby alpaca, conocida por su lujosa textura y calidez. Su dise\u00f1o incluye una armoniosa combinaci\u00f3n de colores en un cautivador subdise\u00f1o, que a\u00f1ade un toque de sofisticaci\u00f3n y estilo a esta pieza \u00fanica. Ideal para mantenerse abrigado con distinci\u00f3n y encanto.","post_mailing_queue_ids":[],"_links":{"self":[{"href":"https:\/\/ruwannawasi.com\/en\/wp-json\/wp\/v2\/product\/2516","targetHints":{"allow":["GET"]}}],"collection":[{"href":"https:\/\/ruwannawasi.com\/en\/wp-json\/wp\/v2\/product"}],"about":[{"href":"https:\/\/ruwannawasi.com\/en\/wp-json\/wp\/v2\/types\/product"}],"version-history":[{"count":2,"href":"https:\/\/ruwannawasi.com\/en\/wp-json\/wp\/v2\/product\/2516\/revisions"}],"predecessor-version":[{"id":2519,"href":"https:\/\/ruwannawasi.com\/en\/wp-json\/wp\/v2\/product\/2516\/revisions\/2519"}],"wp:featuredmedia":[{"embeddable":true,"href":"https:\/\/ruwannawasi.com\/en\/wp-json\/wp\/v2\/media\/2517"}],"wp:attachment":[{"href":"https:\/\/ruwannawasi.com\/en\/wp-json\/wp\/v2\/media?parent=2516"}],"wp:term":[{"taxonomy":"product_brand","embeddable":true,"href":"https:\/\/ruwannawasi.com\/en\/wp-json\/wp\/v2\/product_brand?post=2516"},{"taxonomy":"product_cat","embeddable":true,"href":"https:\/\/ruwannawasi.com\/en\/wp-json\/wp\/v2\/product_cat?post=2516"},{"taxonomy":"product_tag","embeddable":true,"href":"https:\/\/ruwannawasi.com\/en\/wp-json\/wp\/v2\/product_tag?post=2516"}],"curies":[{"name":"wp","href":"https:\/\/api.w.org\/{rel}","templated":true}]}}