{"id":2950,"date":"2024-06-14T17:10:14","date_gmt":"2024-06-14T15:10:14","guid":{"rendered":"https:\/\/ruwannawasi.com\/?post_type=product&#038;p=2950"},"modified":"2024-07-09T21:56:54","modified_gmt":"2024-07-09T19:56:54","slug":"sweater-ylan","status":"publish","type":"product","link":"https:\/\/ruwannawasi.com\/en\/product\/sweater-ylan\/","title":{"rendered":"Sweater Yl\u00e1n"},"content":{"rendered":"","protected":false},"excerpt":{"rendered":"<p>Confeccionado con fibra de baby alpaca, el material m\u00e1s suave y lujoso que puedes encontrar. Este su\u00e9ter de cuello redondo es una pieza esencial en cualquier guardarropa, ofreciendo no solo estilo sino tambi\u00e9n una comodidad inigualable.<\/p>\n<p>&nbsp;<\/p>\n<p>&nbsp;<\/p>","protected":false},"featured_media":2955,"template":"","meta":{"_eb_attr":"","_uag_custom_page_level_css":"","site-sidebar-layout":"default","site-content-layout":"","ast-site-content-layout":"default","site-content-style":"default","site-sidebar-style":"default","ast-global-header-display":"","ast-banner-title-visibility":"","ast-main-header-display":"","ast-hfb-above-header-display":"","ast-hfb-below-header-display":"","ast-hfb-mobile-header-display":"","site-post-title":"","ast-breadcrumbs-content":"","ast-featured-img":"","footer-sml-layout":"","theme-transparent-header-meta":"default","adv-header-id-meta":"","stick-header-meta":"","header-above-stick-meta":"","header-main-stick-meta":"","header-below-stick-meta":"","astra-migrate-meta-layouts":"set","ast-page-background-enabled":"default","ast-page-background-meta":{"desktop":{"background-color":"var(--ast-global-color-4)","background-image":"","background-repeat":"repeat","background-position":"center center","background-size":"auto","background-attachment":"scroll","background-type":"","background-media":"","overlay-type":"","overlay-color":"","overlay-opacity":"","overlay-gradient":""},"tablet":{"background-color":"","background-image":"","background-repeat":"repeat","background-position":"center center","background-size":"auto","background-attachment":"scroll","background-type":"","background-media":"","overlay-type":"","overlay-color":"","overlay-opacity":"","overlay-gradient":""},"mobile":{"background-color":"","background-image":"","background-repeat":"repeat","background-position":"center center","background-size":"auto","background-attachment":"scroll","background-type":"","background-media":"","overlay-type":"","overlay-color":"","overlay-opacity":"","overlay-gradient":""}},"ast-content-background-meta":{"desktop":{"background-color":"var(--ast-global-color-5)","background-image":"","background-repeat":"repeat","background-position":"center center","background-size":"auto","background-attachment":"scroll","background-type":"","background-media":"","overlay-type":"","overlay-color":"","overlay-opacity":"","overlay-gradient":""},"tablet":{"background-color":"var(--ast-global-color-5)","background-image":"","background-repeat":"repeat","background-position":"center center","background-size":"auto","background-attachment":"scroll","background-type":"","background-media":"","overlay-type":"","overlay-color":"","overlay-opacity":"","overlay-gradient":""},"mobile":{"background-color":"var(--ast-global-color-5)","background-image":"","background-repeat":"repeat","background-position":"center center","background-size":"auto","background-attachment":"scroll","background-type":"","background-media":"","overlay-type":"","overlay-color":"","overlay-opacity":"","overlay-gradient":""}}},"product_brand":[],"product_cat":[31],"product_tag":[],"class_list":{"0":"post-2950","1":"product","2":"type-product","3":"status-publish","4":"has-post-thumbnail","6":"product_cat-hombre","7":"pa_color-amarillo-mostaza","8":"pa_color-azul","9":"pa_color-melon","10":"pa_color-mostaza","11":"pa_color-rojo","12":"desktop-align-center","13":"tablet-align-left","14":"mobile-align-center","16":"first","17":"instock","18":"shipping-taxable","19":"purchasable","20":"product-type-variable"},"uagb_featured_image_src":{"full":["https:\/\/ruwannawasi.com\/wp-content\/uploads\/2024\/05\/1000052186.jpg",735,993,false],"thumbnail":["https:\/\/ruwannawasi.com\/wp-content\/uploads\/2024\/05\/1000052186-150x150.jpg",150,150,true],"medium":["https:\/\/ruwannawasi.com\/wp-content\/uploads\/2024\/05\/1000052186-222x300.jpg",222,300,true],"medium_large":["https:\/\/ruwannawasi.com\/wp-content\/uploads\/2024\/05\/1000052186.jpg",735,993,false],"large":["https:\/\/ruwannawasi.com\/wp-content\/uploads\/2024\/05\/1000052186.jpg",735,993,false],"1536x1536":["https:\/\/ruwannawasi.com\/wp-content\/uploads\/2024\/05\/1000052186.jpg",735,993,false],"2048x2048":["https:\/\/ruwannawasi.com\/wp-content\/uploads\/2024\/05\/1000052186.jpg",735,993,false],"trp-custom-language-flag":["https:\/\/ruwannawasi.com\/wp-content\/uploads\/2024\/05\/1000052186.jpg",9,12,false],"woocommerce_thumbnail":["https:\/\/ruwannawasi.com\/wp-content\/uploads\/2024\/05\/1000052186-300x390.jpg",300,390,true],"woocommerce_single":["https:\/\/ruwannawasi.com\/wp-content\/uploads\/2024\/05\/1000052186-700x946.jpg",700,946,true],"woocommerce_gallery_thumbnail":["https:\/\/ruwannawasi.com\/wp-content\/uploads\/2024\/05\/1000052186-100x100.jpg",100,100,true],"variation_swatches_image_size":["https:\/\/ruwannawasi.com\/wp-content\/uploads\/2024\/05\/1000052186-50x50.jpg",50,50,true],"variation_swatches_tooltip_size":["https:\/\/ruwannawasi.com\/wp-content\/uploads\/2024\/05\/1000052186-100x100.jpg",100,100,true]},"uagb_author_info":{"display_name":"winnybrendachuctayahuamani@gmail.com","author_link":"https:\/\/ruwannawasi.com\/en\/author\/"},"uagb_comment_info":0,"uagb_excerpt":"Confeccionado con fibra de baby alpaca, el material m\u00e1s suave y lujoso que puedes encontrar. Este su\u00e9ter de cuello redondo es una pieza esencial en cualquier guardarropa, ofreciendo no solo estilo sino tambi\u00e9n una comodidad inigualable. &nbsp; &nbsp;","post_mailing_queue_ids":[],"_links":{"self":[{"href":"https:\/\/ruwannawasi.com\/en\/wp-json\/wp\/v2\/product\/2950","targetHints":{"allow":["GET"]}}],"collection":[{"href":"https:\/\/ruwannawasi.com\/en\/wp-json\/wp\/v2\/product"}],"about":[{"href":"https:\/\/ruwannawasi.com\/en\/wp-json\/wp\/v2\/types\/product"}],"version-history":[{"count":3,"href":"https:\/\/ruwannawasi.com\/en\/wp-json\/wp\/v2\/product\/2950\/revisions"}],"predecessor-version":[{"id":3032,"href":"https:\/\/ruwannawasi.com\/en\/wp-json\/wp\/v2\/product\/2950\/revisions\/3032"}],"wp:featuredmedia":[{"embeddable":true,"href":"https:\/\/ruwannawasi.com\/en\/wp-json\/wp\/v2\/media\/2955"}],"wp:attachment":[{"href":"https:\/\/ruwannawasi.com\/en\/wp-json\/wp\/v2\/media?parent=2950"}],"wp:term":[{"taxonomy":"product_brand","embeddable":true,"href":"https:\/\/ruwannawasi.com\/en\/wp-json\/wp\/v2\/product_brand?post=2950"},{"taxonomy":"product_cat","embeddable":true,"href":"https:\/\/ruwannawasi.com\/en\/wp-json\/wp\/v2\/product_cat?post=2950"},{"taxonomy":"product_tag","embeddable":true,"href":"https:\/\/ruwannawasi.com\/en\/wp-json\/wp\/v2\/product_tag?post=2950"}],"curies":[{"name":"wp","href":"https:\/\/api.w.org\/{rel}","templated":true}]}}