{"id":2958,"date":"2024-05-31T20:36:18","date_gmt":"2024-05-31T18:36:18","guid":{"rendered":"https:\/\/ruwannawasi.com\/?post_type=product&#038;p=2958"},"modified":"2024-07-04T20:38:17","modified_gmt":"2024-07-04T18:38:17","slug":"sweater-bastian","status":"publish","type":"product","link":"https:\/\/ruwannawasi.com\/en\/product\/sweater-bastian\/","title":{"rendered":"Sweater Basti\u00e1n"},"content":{"rendered":"","protected":false},"excerpt":{"rendered":"<p>Basti\u00e1n ofrece estilo y confort con su cuello alto y cierre met\u00e1lico, elaborado en 100% fibra de baby alpaca. Detalles tejidos en pu\u00f1os, pretina y cuello aportan un toque sofisticado a esta prenda hipoalerg\u00e9nica y termorreguladora.<\/p>","protected":false},"featured_media":2959,"template":"","meta":{"_eb_attr":"","_uag_custom_page_level_css":"","site-sidebar-layout":"default","site-content-layout":"","ast-site-content-layout":"default","site-content-style":"default","site-sidebar-style":"default","ast-global-header-display":"","ast-banner-title-visibility":"","ast-main-header-display":"","ast-hfb-above-header-display":"","ast-hfb-below-header-display":"","ast-hfb-mobile-header-display":"","site-post-title":"","ast-breadcrumbs-content":"","ast-featured-img":"","footer-sml-layout":"","theme-transparent-header-meta":"default","adv-header-id-meta":"","stick-header-meta":"","header-above-stick-meta":"","header-main-stick-meta":"","header-below-stick-meta":"","astra-migrate-meta-layouts":"set","ast-page-background-enabled":"default","ast-page-background-meta":{"desktop":{"background-color":"var(--ast-global-color-4)","background-image":"","background-repeat":"repeat","background-position":"center center","background-size":"auto","background-attachment":"scroll","background-type":"","background-media":"","overlay-type":"","overlay-color":"","overlay-opacity":"","overlay-gradient":""},"tablet":{"background-color":"","background-image":"","background-repeat":"repeat","background-position":"center center","background-size":"auto","background-attachment":"scroll","background-type":"","background-media":"","overlay-type":"","overlay-color":"","overlay-opacity":"","overlay-gradient":""},"mobile":{"background-color":"","background-image":"","background-repeat":"repeat","background-position":"center center","background-size":"auto","background-attachment":"scroll","background-type":"","background-media":"","overlay-type":"","overlay-color":"","overlay-opacity":"","overlay-gradient":""}},"ast-content-background-meta":{"desktop":{"background-color":"var(--ast-global-color-5)","background-image":"","background-repeat":"repeat","background-position":"center center","background-size":"auto","background-attachment":"scroll","background-type":"","background-media":"","overlay-type":"","overlay-color":"","overlay-opacity":"","overlay-gradient":""},"tablet":{"background-color":"var(--ast-global-color-5)","background-image":"","background-repeat":"repeat","background-position":"center center","background-size":"auto","background-attachment":"scroll","background-type":"","background-media":"","overlay-type":"","overlay-color":"","overlay-opacity":"","overlay-gradient":""},"mobile":{"background-color":"var(--ast-global-color-5)","background-image":"","background-repeat":"repeat","background-position":"center center","background-size":"auto","background-attachment":"scroll","background-type":"","background-media":"","overlay-type":"","overlay-color":"","overlay-opacity":"","overlay-gradient":""}}},"product_brand":[],"product_cat":[31],"product_tag":[],"class_list":{"0":"post-2958","1":"product","2":"type-product","3":"status-publish","4":"has-post-thumbnail","6":"product_cat-hombre","7":"pa_color-beige","8":"pa_color-gris","9":"pa_color-marron","10":"desktop-align-center","11":"tablet-align-left","12":"mobile-align-center","14":"first","15":"instock","16":"shipping-taxable","17":"purchasable","18":"product-type-variable"},"uagb_featured_image_src":{"full":["https:\/\/ruwannawasi.com\/wp-content\/uploads\/2024\/05\/0da6ded24131dc35a692c39b41850517.jpg",736,981,false],"thumbnail":["https:\/\/ruwannawasi.com\/wp-content\/uploads\/2024\/05\/0da6ded24131dc35a692c39b41850517-150x150.jpg",150,150,true],"medium":["https:\/\/ruwannawasi.com\/wp-content\/uploads\/2024\/05\/0da6ded24131dc35a692c39b41850517-225x300.jpg",225,300,true],"medium_large":["https:\/\/ruwannawasi.com\/wp-content\/uploads\/2024\/05\/0da6ded24131dc35a692c39b41850517.jpg",736,981,false],"large":["https:\/\/ruwannawasi.com\/wp-content\/uploads\/2024\/05\/0da6ded24131dc35a692c39b41850517.jpg",736,981,false],"1536x1536":["https:\/\/ruwannawasi.com\/wp-content\/uploads\/2024\/05\/0da6ded24131dc35a692c39b41850517.jpg",736,981,false],"2048x2048":["https:\/\/ruwannawasi.com\/wp-content\/uploads\/2024\/05\/0da6ded24131dc35a692c39b41850517.jpg",736,981,false],"trp-custom-language-flag":["https:\/\/ruwannawasi.com\/wp-content\/uploads\/2024\/05\/0da6ded24131dc35a692c39b41850517.jpg",9,12,false],"woocommerce_thumbnail":["https:\/\/ruwannawasi.com\/wp-content\/uploads\/2024\/05\/0da6ded24131dc35a692c39b41850517-300x390.jpg",300,390,true],"woocommerce_single":["https:\/\/ruwannawasi.com\/wp-content\/uploads\/2024\/05\/0da6ded24131dc35a692c39b41850517-700x933.jpg",700,933,true],"woocommerce_gallery_thumbnail":["https:\/\/ruwannawasi.com\/wp-content\/uploads\/2024\/05\/0da6ded24131dc35a692c39b41850517-100x100.jpg",100,100,true],"variation_swatches_image_size":["https:\/\/ruwannawasi.com\/wp-content\/uploads\/2024\/05\/0da6ded24131dc35a692c39b41850517-50x50.jpg",50,50,true],"variation_swatches_tooltip_size":["https:\/\/ruwannawasi.com\/wp-content\/uploads\/2024\/05\/0da6ded24131dc35a692c39b41850517-100x100.jpg",100,100,true]},"uagb_author_info":{"display_name":"winnybrendachuctayahuamani@gmail.com","author_link":"https:\/\/ruwannawasi.com\/en\/author\/"},"uagb_comment_info":0,"uagb_excerpt":"Basti\u00e1n ofrece estilo y confort con su cuello alto y cierre met\u00e1lico, elaborado en 100% fibra de baby alpaca. Detalles tejidos en pu\u00f1os, pretina y cuello aportan un toque sofisticado a esta prenda hipoalerg\u00e9nica y termorreguladora.","post_mailing_queue_ids":[],"_links":{"self":[{"href":"https:\/\/ruwannawasi.com\/en\/wp-json\/wp\/v2\/product\/2958","targetHints":{"allow":["GET"]}}],"collection":[{"href":"https:\/\/ruwannawasi.com\/en\/wp-json\/wp\/v2\/product"}],"about":[{"href":"https:\/\/ruwannawasi.com\/en\/wp-json\/wp\/v2\/types\/product"}],"version-history":[{"count":3,"href":"https:\/\/ruwannawasi.com\/en\/wp-json\/wp\/v2\/product\/2958\/revisions"}],"predecessor-version":[{"id":2984,"href":"https:\/\/ruwannawasi.com\/en\/wp-json\/wp\/v2\/product\/2958\/revisions\/2984"}],"wp:featuredmedia":[{"embeddable":true,"href":"https:\/\/ruwannawasi.com\/en\/wp-json\/wp\/v2\/media\/2959"}],"wp:attachment":[{"href":"https:\/\/ruwannawasi.com\/en\/wp-json\/wp\/v2\/media?parent=2958"}],"wp:term":[{"taxonomy":"product_brand","embeddable":true,"href":"https:\/\/ruwannawasi.com\/en\/wp-json\/wp\/v2\/product_brand?post=2958"},{"taxonomy":"product_cat","embeddable":true,"href":"https:\/\/ruwannawasi.com\/en\/wp-json\/wp\/v2\/product_cat?post=2958"},{"taxonomy":"product_tag","embeddable":true,"href":"https:\/\/ruwannawasi.com\/en\/wp-json\/wp\/v2\/product_tag?post=2958"}],"curies":[{"name":"wp","href":"https:\/\/api.w.org\/{rel}","templated":true}]}}