{"id":3170,"date":"2024-09-01T00:03:59","date_gmt":"2024-08-31T22:03:59","guid":{"rendered":"https:\/\/ruwannawasi.com\/?post_type=product&#038;p=3170"},"modified":"2024-12-02T19:13:44","modified_gmt":"2024-12-02T18:13:44","slug":"jania-cardigan","status":"publish","type":"product","link":"https:\/\/ruwannawasi.com\/en\/product\/jania-cardigan\/","title":{"rendered":"Jania Cardigan"},"content":{"rendered":"","protected":false},"excerpt":{"rendered":"<p>El cardig\u00e1n Jania est\u00e1 hecho de suave fibra de baby alpaca y presenta un elegante dise\u00f1o a rayas en tonos neutros. Perfecto para cualquier ocasi\u00f3n, su versatilidad lo convierte en una prenda esencial para tu armario.<\/p>","protected":false},"featured_media":3175,"template":"","meta":{"_eb_attr":"","_uag_custom_page_level_css":"","site-sidebar-layout":"default","site-content-layout":"","ast-site-content-layout":"default","site-content-style":"default","site-sidebar-style":"default","ast-global-header-display":"","ast-banner-title-visibility":"","ast-main-header-display":"","ast-hfb-above-header-display":"","ast-hfb-below-header-display":"","ast-hfb-mobile-header-display":"","site-post-title":"","ast-breadcrumbs-content":"","ast-featured-img":"","footer-sml-layout":"","theme-transparent-header-meta":"default","adv-header-id-meta":"","stick-header-meta":"","header-above-stick-meta":"","header-main-stick-meta":"","header-below-stick-meta":"","astra-migrate-meta-layouts":"set","ast-page-background-enabled":"default","ast-page-background-meta":{"desktop":{"background-color":"var(--ast-global-color-4)","background-image":"","background-repeat":"repeat","background-position":"center center","background-size":"auto","background-attachment":"scroll","background-type":"","background-media":"","overlay-type":"","overlay-color":"","overlay-opacity":"","overlay-gradient":""},"tablet":{"background-color":"","background-image":"","background-repeat":"repeat","background-position":"center center","background-size":"auto","background-attachment":"scroll","background-type":"","background-media":"","overlay-type":"","overlay-color":"","overlay-opacity":"","overlay-gradient":""},"mobile":{"background-color":"","background-image":"","background-repeat":"repeat","background-position":"center center","background-size":"auto","background-attachment":"scroll","background-type":"","background-media":"","overlay-type":"","overlay-color":"","overlay-opacity":"","overlay-gradient":""}},"ast-content-background-meta":{"desktop":{"background-color":"var(--ast-global-color-5)","background-image":"","background-repeat":"repeat","background-position":"center center","background-size":"auto","background-attachment":"scroll","background-type":"","background-media":"","overlay-type":"","overlay-color":"","overlay-opacity":"","overlay-gradient":""},"tablet":{"background-color":"var(--ast-global-color-5)","background-image":"","background-repeat":"repeat","background-position":"center center","background-size":"auto","background-attachment":"scroll","background-type":"","background-media":"","overlay-type":"","overlay-color":"","overlay-opacity":"","overlay-gradient":""},"mobile":{"background-color":"var(--ast-global-color-5)","background-image":"","background-repeat":"repeat","background-position":"center center","background-size":"auto","background-attachment":"scroll","background-type":"","background-media":"","overlay-type":"","overlay-color":"","overlay-opacity":"","overlay-gradient":""}}},"product_brand":[],"product_cat":[15,28],"product_tag":[],"class_list":{"0":"post-3170","1":"product","2":"type-product","3":"status-publish","4":"has-post-thumbnail","6":"product_cat-mujer","7":"product_cat-sweater-cardigan","8":"desktop-align-center","9":"tablet-align-left","10":"mobile-align-center","12":"first","13":"instock","14":"sale","15":"shipping-taxable","16":"purchasable","17":"product-type-variable"},"uagb_featured_image_src":{"full":["https:\/\/ruwannawasi.com\/wp-content\/uploads\/2024\/08\/Diseno-sin-titulo-27.png",1080,1350,false],"thumbnail":["https:\/\/ruwannawasi.com\/wp-content\/uploads\/2024\/08\/Diseno-sin-titulo-27-150x150.png",150,150,true],"medium":["https:\/\/ruwannawasi.com\/wp-content\/uploads\/2024\/08\/Diseno-sin-titulo-27-240x300.png",240,300,true],"medium_large":["https:\/\/ruwannawasi.com\/wp-content\/uploads\/2024\/08\/Diseno-sin-titulo-27-768x960.png",768,960,true],"large":["https:\/\/ruwannawasi.com\/wp-content\/uploads\/2024\/08\/Diseno-sin-titulo-27-819x1024.png",819,1024,true],"1536x1536":["https:\/\/ruwannawasi.com\/wp-content\/uploads\/2024\/08\/Diseno-sin-titulo-27.png",1080,1350,false],"2048x2048":["https:\/\/ruwannawasi.com\/wp-content\/uploads\/2024\/08\/Diseno-sin-titulo-27.png",1080,1350,false],"trp-custom-language-flag":["https:\/\/ruwannawasi.com\/wp-content\/uploads\/2024\/08\/Diseno-sin-titulo-27.png",10,12,false],"woocommerce_thumbnail":["https:\/\/ruwannawasi.com\/wp-content\/uploads\/2024\/08\/Diseno-sin-titulo-27-300x390.png",300,390,true],"woocommerce_single":["https:\/\/ruwannawasi.com\/wp-content\/uploads\/2024\/08\/Diseno-sin-titulo-27-700x875.png",700,875,true],"woocommerce_gallery_thumbnail":["https:\/\/ruwannawasi.com\/wp-content\/uploads\/2024\/08\/Diseno-sin-titulo-27-100x100.png",100,100,true],"variation_swatches_image_size":["https:\/\/ruwannawasi.com\/wp-content\/uploads\/2024\/08\/Diseno-sin-titulo-27-50x50.png",50,50,true],"variation_swatches_tooltip_size":["https:\/\/ruwannawasi.com\/wp-content\/uploads\/2024\/08\/Diseno-sin-titulo-27-100x100.png",100,100,true]},"uagb_author_info":{"display_name":"winnybrendachuctayahuamani@gmail.com","author_link":"https:\/\/ruwannawasi.com\/en\/author\/"},"uagb_comment_info":0,"uagb_excerpt":"El cardig\u00e1n Jania est\u00e1 hecho de suave fibra de baby alpaca y presenta un elegante dise\u00f1o a rayas en tonos neutros. Perfecto para cualquier ocasi\u00f3n, su versatilidad lo convierte en una prenda esencial para tu armario.","post_mailing_queue_ids":[],"_links":{"self":[{"href":"https:\/\/ruwannawasi.com\/en\/wp-json\/wp\/v2\/product\/3170","targetHints":{"allow":["GET"]}}],"collection":[{"href":"https:\/\/ruwannawasi.com\/en\/wp-json\/wp\/v2\/product"}],"about":[{"href":"https:\/\/ruwannawasi.com\/en\/wp-json\/wp\/v2\/types\/product"}],"version-history":[{"count":2,"href":"https:\/\/ruwannawasi.com\/en\/wp-json\/wp\/v2\/product\/3170\/revisions"}],"predecessor-version":[{"id":3182,"href":"https:\/\/ruwannawasi.com\/en\/wp-json\/wp\/v2\/product\/3170\/revisions\/3182"}],"wp:featuredmedia":[{"embeddable":true,"href":"https:\/\/ruwannawasi.com\/en\/wp-json\/wp\/v2\/media\/3175"}],"wp:attachment":[{"href":"https:\/\/ruwannawasi.com\/en\/wp-json\/wp\/v2\/media?parent=3170"}],"wp:term":[{"taxonomy":"product_brand","embeddable":true,"href":"https:\/\/ruwannawasi.com\/en\/wp-json\/wp\/v2\/product_brand?post=3170"},{"taxonomy":"product_cat","embeddable":true,"href":"https:\/\/ruwannawasi.com\/en\/wp-json\/wp\/v2\/product_cat?post=3170"},{"taxonomy":"product_tag","embeddable":true,"href":"https:\/\/ruwannawasi.com\/en\/wp-json\/wp\/v2\/product_tag?post=3170"}],"curies":[{"name":"wp","href":"https:\/\/api.w.org\/{rel}","templated":true}]}}