{"id":3253,"date":"2025-04-24T21:18:03","date_gmt":"2025-04-24T19:18:03","guid":{"rendered":"https:\/\/ruwannawasi.com\/?post_type=product&#038;p=3253"},"modified":"2025-06-11T20:51:25","modified_gmt":"2025-06-11T18:51:25","slug":"amarena-cardigan","status":"publish","type":"product","link":"https:\/\/ruwannawasi.com\/en\/product\/amarena-cardigan\/","title":{"rendered":"Amarena Cardigan"},"content":{"rendered":"","protected":false},"excerpt":{"rendered":"<p>Suavidad y estilo se unen en este hermoso su\u00e9ter de cuello redondo. Su delicado tejido en tono claro se realza con un llamativo patr\u00f3n de flores marrones, perfecto para un look moderno y acogedor.<br \/>\nComposici\u00f3n 100% baby alpaca<\/p>","protected":false},"featured_media":3330,"template":"","meta":{"_eb_attr":"","_uag_custom_page_level_css":"","site-sidebar-layout":"default","site-content-layout":"","ast-site-content-layout":"default","site-content-style":"default","site-sidebar-style":"default","ast-global-header-display":"","ast-banner-title-visibility":"","ast-main-header-display":"","ast-hfb-above-header-display":"","ast-hfb-below-header-display":"","ast-hfb-mobile-header-display":"","site-post-title":"","ast-breadcrumbs-content":"","ast-featured-img":"","footer-sml-layout":"","theme-transparent-header-meta":"default","adv-header-id-meta":"","stick-header-meta":"","header-above-stick-meta":"","header-main-stick-meta":"","header-below-stick-meta":"","astra-migrate-meta-layouts":"set","ast-page-background-enabled":"default","ast-page-background-meta":{"desktop":{"background-color":"var(--ast-global-color-4)","background-image":"","background-repeat":"repeat","background-position":"center center","background-size":"auto","background-attachment":"scroll","background-type":"","background-media":"","overlay-type":"","overlay-color":"","overlay-opacity":"","overlay-gradient":""},"tablet":{"background-color":"","background-image":"","background-repeat":"repeat","background-position":"center center","background-size":"auto","background-attachment":"scroll","background-type":"","background-media":"","overlay-type":"","overlay-color":"","overlay-opacity":"","overlay-gradient":""},"mobile":{"background-color":"","background-image":"","background-repeat":"repeat","background-position":"center center","background-size":"auto","background-attachment":"scroll","background-type":"","background-media":"","overlay-type":"","overlay-color":"","overlay-opacity":"","overlay-gradient":""}},"ast-content-background-meta":{"desktop":{"background-color":"var(--ast-global-color-5)","background-image":"","background-repeat":"repeat","background-position":"center center","background-size":"auto","background-attachment":"scroll","background-type":"","background-media":"","overlay-type":"","overlay-color":"","overlay-opacity":"","overlay-gradient":""},"tablet":{"background-color":"var(--ast-global-color-5)","background-image":"","background-repeat":"repeat","background-position":"center center","background-size":"auto","background-attachment":"scroll","background-type":"","background-media":"","overlay-type":"","overlay-color":"","overlay-opacity":"","overlay-gradient":""},"mobile":{"background-color":"var(--ast-global-color-5)","background-image":"","background-repeat":"repeat","background-position":"center center","background-size":"auto","background-attachment":"scroll","background-type":"","background-media":"","overlay-type":"","overlay-color":"","overlay-opacity":"","overlay-gradient":""}}},"product_brand":[],"product_cat":[15,28],"product_tag":[],"class_list":{"0":"post-3253","1":"product","2":"type-product","3":"status-publish","4":"has-post-thumbnail","6":"product_cat-mujer","7":"product_cat-sweater-cardigan","8":"desktop-align-center","9":"tablet-align-left","10":"mobile-align-center","12":"first","13":"instock","14":"shipping-taxable","15":"purchasable","16":"product-type-variable"},"uagb_featured_image_src":{"full":["https:\/\/ruwannawasi.com\/wp-content\/uploads\/2025\/06\/SWEATERS.png",640,980,false],"thumbnail":["https:\/\/ruwannawasi.com\/wp-content\/uploads\/2025\/06\/SWEATERS-150x150.png",150,150,true],"medium":["https:\/\/ruwannawasi.com\/wp-content\/uploads\/2025\/06\/SWEATERS-196x300.png",196,300,true],"medium_large":["https:\/\/ruwannawasi.com\/wp-content\/uploads\/2025\/06\/SWEATERS.png",640,980,false],"large":["https:\/\/ruwannawasi.com\/wp-content\/uploads\/2025\/06\/SWEATERS.png",640,980,false],"1536x1536":["https:\/\/ruwannawasi.com\/wp-content\/uploads\/2025\/06\/SWEATERS.png",640,980,false],"2048x2048":["https:\/\/ruwannawasi.com\/wp-content\/uploads\/2025\/06\/SWEATERS.png",640,980,false],"trp-custom-language-flag":["https:\/\/ruwannawasi.com\/wp-content\/uploads\/2025\/06\/SWEATERS.png",8,12,false],"woocommerce_thumbnail":["https:\/\/ruwannawasi.com\/wp-content\/uploads\/2025\/06\/SWEATERS-300x390.png",300,390,true],"woocommerce_single":["https:\/\/ruwannawasi.com\/wp-content\/uploads\/2025\/06\/SWEATERS.png",640,980,false],"woocommerce_gallery_thumbnail":["https:\/\/ruwannawasi.com\/wp-content\/uploads\/2025\/06\/SWEATERS-100x100.png",100,100,true],"variation_swatches_image_size":["https:\/\/ruwannawasi.com\/wp-content\/uploads\/2025\/06\/SWEATERS-50x50.png",50,50,true],"variation_swatches_tooltip_size":["https:\/\/ruwannawasi.com\/wp-content\/uploads\/2025\/06\/SWEATERS-100x100.png",100,100,true]},"uagb_author_info":{"display_name":"winnybrendachuctayahuamani@gmail.com","author_link":"https:\/\/ruwannawasi.com\/en\/author\/"},"uagb_comment_info":0,"uagb_excerpt":"Suavidad y estilo se unen en este hermoso su\u00e9ter de cuello redondo. Su delicado tejido en tono claro se realza con un llamativo patr\u00f3n de flores marrones, perfecto para un look moderno y acogedor. Composici\u00f3n 100% baby alpaca","post_mailing_queue_ids":[],"_links":{"self":[{"href":"https:\/\/ruwannawasi.com\/en\/wp-json\/wp\/v2\/product\/3253","targetHints":{"allow":["GET"]}}],"collection":[{"href":"https:\/\/ruwannawasi.com\/en\/wp-json\/wp\/v2\/product"}],"about":[{"href":"https:\/\/ruwannawasi.com\/en\/wp-json\/wp\/v2\/types\/product"}],"version-history":[{"count":3,"href":"https:\/\/ruwannawasi.com\/en\/wp-json\/wp\/v2\/product\/3253\/revisions"}],"predecessor-version":[{"id":3347,"href":"https:\/\/ruwannawasi.com\/en\/wp-json\/wp\/v2\/product\/3253\/revisions\/3347"}],"wp:featuredmedia":[{"embeddable":true,"href":"https:\/\/ruwannawasi.com\/en\/wp-json\/wp\/v2\/media\/3330"}],"wp:attachment":[{"href":"https:\/\/ruwannawasi.com\/en\/wp-json\/wp\/v2\/media?parent=3253"}],"wp:term":[{"taxonomy":"product_brand","embeddable":true,"href":"https:\/\/ruwannawasi.com\/en\/wp-json\/wp\/v2\/product_brand?post=3253"},{"taxonomy":"product_cat","embeddable":true,"href":"https:\/\/ruwannawasi.com\/en\/wp-json\/wp\/v2\/product_cat?post=3253"},{"taxonomy":"product_tag","embeddable":true,"href":"https:\/\/ruwannawasi.com\/en\/wp-json\/wp\/v2\/product_tag?post=3253"}],"curies":[{"name":"wp","href":"https:\/\/api.w.org\/{rel}","templated":true}]}}