{"id":3389,"date":"2025-10-06T21:59:57","date_gmt":"2025-10-06T19:59:57","guid":{"rendered":"https:\/\/ruwannawasi.com\/?post_type=product&#038;p=3389"},"modified":"2025-10-06T21:59:57","modified_gmt":"2025-10-06T19:59:57","slug":"capa-barbara-melon","status":"publish","type":"product","link":"https:\/\/ruwannawasi.com\/en\/product\/capa-barbara-melon\/","title":{"rendered":"Capa Barbara &#8211; Mel\u00f3n"},"content":{"rendered":"","protected":false},"excerpt":{"rendered":"<p>La capa Barbara en este color mel\u00f3nes una prenda elegante, dise\u00f1ada en un estilo largo y con una ca\u00edda delicada que le confiere un toque de sofisticaci\u00f3n.<\/p>\n<p>Composici\u00f3n : 70% baby alpaca\u00a030% lana Talla Standard<\/p>","protected":false},"featured_media":3391,"template":"","meta":{"_eb_attr":"","_uag_custom_page_level_css":"","site-sidebar-layout":"default","site-content-layout":"","ast-site-content-layout":"default","site-content-style":"default","site-sidebar-style":"default","ast-global-header-display":"","ast-banner-title-visibility":"","ast-main-header-display":"","ast-hfb-above-header-display":"","ast-hfb-below-header-display":"","ast-hfb-mobile-header-display":"","site-post-title":"","ast-breadcrumbs-content":"","ast-featured-img":"","footer-sml-layout":"","theme-transparent-header-meta":"default","adv-header-id-meta":"","stick-header-meta":"","header-above-stick-meta":"","header-main-stick-meta":"","header-below-stick-meta":"","astra-migrate-meta-layouts":"set","ast-page-background-enabled":"default","ast-page-background-meta":{"desktop":{"background-color":"var(--ast-global-color-4)","background-image":"","background-repeat":"repeat","background-position":"center center","background-size":"auto","background-attachment":"scroll","background-type":"","background-media":"","overlay-type":"","overlay-color":"","overlay-opacity":"","overlay-gradient":""},"tablet":{"background-color":"","background-image":"","background-repeat":"repeat","background-position":"center center","background-size":"auto","background-attachment":"scroll","background-type":"","background-media":"","overlay-type":"","overlay-color":"","overlay-opacity":"","overlay-gradient":""},"mobile":{"background-color":"","background-image":"","background-repeat":"repeat","background-position":"center center","background-size":"auto","background-attachment":"scroll","background-type":"","background-media":"","overlay-type":"","overlay-color":"","overlay-opacity":"","overlay-gradient":""}},"ast-content-background-meta":{"desktop":{"background-color":"var(--ast-global-color-5)","background-image":"","background-repeat":"repeat","background-position":"center center","background-size":"auto","background-attachment":"scroll","background-type":"","background-media":"","overlay-type":"","overlay-color":"","overlay-opacity":"","overlay-gradient":""},"tablet":{"background-color":"var(--ast-global-color-5)","background-image":"","background-repeat":"repeat","background-position":"center center","background-size":"auto","background-attachment":"scroll","background-type":"","background-media":"","overlay-type":"","overlay-color":"","overlay-opacity":"","overlay-gradient":""},"mobile":{"background-color":"var(--ast-global-color-5)","background-image":"","background-repeat":"repeat","background-position":"center center","background-size":"auto","background-attachment":"scroll","background-type":"","background-media":"","overlay-type":"","overlay-color":"","overlay-opacity":"","overlay-gradient":""}}},"product_brand":[],"product_cat":[15,26],"product_tag":[],"class_list":{"0":"post-3389","1":"product","2":"type-product","3":"status-publish","4":"has-post-thumbnail","6":"product_cat-mujer","7":"product_cat-capas-ponchos","8":"desktop-align-center","9":"tablet-align-left","10":"mobile-align-center","12":"first","13":"instock","14":"shipping-taxable","15":"purchasable","16":"product-type-simple"},"uagb_featured_image_src":{"full":["https:\/\/ruwannawasi.com\/wp-content\/uploads\/2025\/10\/85D6066-scaled.jpg",1707,2560,false],"thumbnail":["https:\/\/ruwannawasi.com\/wp-content\/uploads\/2025\/10\/85D6066-150x150.jpg",150,150,true],"medium":["https:\/\/ruwannawasi.com\/wp-content\/uploads\/2025\/10\/85D6066-200x300.jpg",200,300,true],"medium_large":["https:\/\/ruwannawasi.com\/wp-content\/uploads\/2025\/10\/85D6066-768x1152.jpg",768,1152,true],"large":["https:\/\/ruwannawasi.com\/wp-content\/uploads\/2025\/10\/85D6066-683x1024.jpg",683,1024,true],"1536x1536":["https:\/\/ruwannawasi.com\/wp-content\/uploads\/2025\/10\/85D6066-1024x1536.jpg",1024,1536,true],"2048x2048":["https:\/\/ruwannawasi.com\/wp-content\/uploads\/2025\/10\/85D6066-1365x2048.jpg",1365,2048,true],"trp-custom-language-flag":["https:\/\/ruwannawasi.com\/wp-content\/uploads\/2025\/10\/85D6066-8x12.jpg",8,12,true],"woocommerce_thumbnail":["https:\/\/ruwannawasi.com\/wp-content\/uploads\/2025\/10\/85D6066-300x390.jpg",300,390,true],"woocommerce_single":["https:\/\/ruwannawasi.com\/wp-content\/uploads\/2025\/10\/85D6066-700x1050.jpg",700,1050,true],"woocommerce_gallery_thumbnail":["https:\/\/ruwannawasi.com\/wp-content\/uploads\/2025\/10\/85D6066-100x100.jpg",100,100,true],"variation_swatches_image_size":["https:\/\/ruwannawasi.com\/wp-content\/uploads\/2025\/10\/85D6066-50x50.jpg",50,50,true],"variation_swatches_tooltip_size":["https:\/\/ruwannawasi.com\/wp-content\/uploads\/2025\/10\/85D6066-100x100.jpg",100,100,true]},"uagb_author_info":{"display_name":"winnybrendachuctayahuamani@gmail.com","author_link":"https:\/\/ruwannawasi.com\/en\/author\/"},"uagb_comment_info":0,"uagb_excerpt":"La capa Barbara en este color mel\u00f3nes una prenda elegante, dise\u00f1ada en un estilo largo y con una ca\u00edda delicada que le confiere un toque de sofisticaci\u00f3n. Composici\u00f3n : 70% baby alpaca\u00a030% lana Talla Standard","post_mailing_queue_ids":[],"_links":{"self":[{"href":"https:\/\/ruwannawasi.com\/en\/wp-json\/wp\/v2\/product\/3389","targetHints":{"allow":["GET"]}}],"collection":[{"href":"https:\/\/ruwannawasi.com\/en\/wp-json\/wp\/v2\/product"}],"about":[{"href":"https:\/\/ruwannawasi.com\/en\/wp-json\/wp\/v2\/types\/product"}],"version-history":[{"count":1,"href":"https:\/\/ruwannawasi.com\/en\/wp-json\/wp\/v2\/product\/3389\/revisions"}],"predecessor-version":[{"id":3392,"href":"https:\/\/ruwannawasi.com\/en\/wp-json\/wp\/v2\/product\/3389\/revisions\/3392"}],"wp:featuredmedia":[{"embeddable":true,"href":"https:\/\/ruwannawasi.com\/en\/wp-json\/wp\/v2\/media\/3391"}],"wp:attachment":[{"href":"https:\/\/ruwannawasi.com\/en\/wp-json\/wp\/v2\/media?parent=3389"}],"wp:term":[{"taxonomy":"product_brand","embeddable":true,"href":"https:\/\/ruwannawasi.com\/en\/wp-json\/wp\/v2\/product_brand?post=3389"},{"taxonomy":"product_cat","embeddable":true,"href":"https:\/\/ruwannawasi.com\/en\/wp-json\/wp\/v2\/product_cat?post=3389"},{"taxonomy":"product_tag","embeddable":true,"href":"https:\/\/ruwannawasi.com\/en\/wp-json\/wp\/v2\/product_tag?post=3389"}],"curies":[{"name":"wp","href":"https:\/\/api.w.org\/{rel}","templated":true}]}}