{"id":339,"date":"2021-08-20T11:32:48","date_gmt":"2021-08-20T11:32:48","guid":{"rendered":"https:\/\/ruwannawasi.com\/producto\/almond-milk-lotion\/"},"modified":"2024-12-08T00:01:30","modified_gmt":"2024-12-07T23:01:30","slug":"reversible-escocia","status":"publish","type":"product","link":"https:\/\/ruwannawasi.com\/en\/product\/reversible-escocia\/","title":{"rendered":"Capa Reversible Escocia"},"content":{"rendered":"<p>Faucibus lacus tincidunt molestie accumsan nibh non odio aenean molestie purus tristique sed tempor consequat risus tellus amet augue egestas mauris scelerisque donec ultrices.<\/p>\n<p>Tincidunt mauris, pharetra aliquam in magnis ornare sit mi velit, quis semper ut a malesuada pharetra volutpat euismod vulputate pellentesque et risus in malesuada pellentesque dictumst amet vitae vitae ut phasellus quam et enim feugiat eget mauris aenean eu volutpat, dictum donec gravida nunc egestas viverra justo sed.<\/p>\n<p>Sollicitudin facilisis massa pellentesque in ultrices enim nunc ac egestas elementum ut in ornare sit malesuada.<\/p>","protected":false},"excerpt":{"rendered":"<p>Hecha con suave y lujosa fibra de baby alpaca, esta capa es vers\u00e1til y elegante. Puedes lucir dos estilos diferentes en un mismo abrigo, y su dise\u00f1o escoc\u00e9s agrega un toque de estilo tradicional a cualquier conjunto. Adem\u00e1s, su corte favorecedor estiliza la figura femenina, brindando un look c\u00f3modo y abrigado para cualquier ocasi\u00f3n.<\/p>","protected":false},"featured_media":2215,"template":"","meta":{"_eb_attr":"","_uag_custom_page_level_css":"","site-sidebar-layout":"default","site-content-layout":"content-boxed-container","ast-site-content-layout":"normal-width-container","site-content-style":"boxed","site-sidebar-style":"unboxed","ast-global-header-display":"","ast-banner-title-visibility":"","ast-main-header-display":"","ast-hfb-above-header-display":"","ast-hfb-below-header-display":"","ast-hfb-mobile-header-display":"","site-post-title":"","ast-breadcrumbs-content":"","ast-featured-img":"","footer-sml-layout":"","theme-transparent-header-meta":"default","adv-header-id-meta":"","stick-header-meta":"","header-above-stick-meta":"","header-main-stick-meta":"","header-below-stick-meta":"","astra-migrate-meta-layouts":"set","ast-page-background-enabled":"default","ast-page-background-meta":{"desktop":{"background-color":"var(--ast-global-color-4)","background-image":"","background-repeat":"repeat","background-position":"center center","background-size":"auto","background-attachment":"scroll","background-type":"","background-media":"","overlay-type":"","overlay-color":"","overlay-opacity":"","overlay-gradient":""},"tablet":{"background-color":"","background-image":"","background-repeat":"repeat","background-position":"center center","background-size":"auto","background-attachment":"scroll","background-type":"","background-media":"","overlay-type":"","overlay-color":"","overlay-opacity":"","overlay-gradient":""},"mobile":{"background-color":"","background-image":"","background-repeat":"repeat","background-position":"center center","background-size":"auto","background-attachment":"scroll","background-type":"","background-media":"","overlay-type":"","overlay-color":"","overlay-opacity":"","overlay-gradient":""}},"ast-content-background-meta":{"desktop":{"background-color":"var(--ast-global-color-5)","background-image":"","background-repeat":"repeat","background-position":"center center","background-size":"auto","background-attachment":"scroll","background-type":"","background-media":"","overlay-type":"","overlay-color":"","overlay-opacity":"","overlay-gradient":""},"tablet":{"background-color":"var(--ast-global-color-5)","background-image":"","background-repeat":"repeat","background-position":"center center","background-size":"auto","background-attachment":"scroll","background-type":"","background-media":"","overlay-type":"","overlay-color":"","overlay-opacity":"","overlay-gradient":""},"mobile":{"background-color":"var(--ast-global-color-5)","background-image":"","background-repeat":"repeat","background-position":"center center","background-size":"auto","background-attachment":"scroll","background-type":"","background-media":"","overlay-type":"","overlay-color":"","overlay-opacity":"","overlay-gradient":""}}},"product_brand":[],"product_cat":[15,26],"product_tag":[],"class_list":{"0":"post-339","1":"product","2":"type-product","3":"status-publish","4":"has-post-thumbnail","6":"product_cat-mujer","7":"product_cat-capas-ponchos","8":"desktop-align-center","9":"tablet-align-left","10":"mobile-align-center","12":"first","13":"instock","14":"shipping-taxable","15":"purchasable","16":"product-type-simple"},"uagb_featured_image_src":{"full":["https:\/\/ruwannawasi.com\/wp-content\/uploads\/2021\/08\/DSC5076-scaled.jpg",1709,2560,false],"thumbnail":["https:\/\/ruwannawasi.com\/wp-content\/uploads\/2021\/08\/DSC5076-150x150.jpg",150,150,true],"medium":["https:\/\/ruwannawasi.com\/wp-content\/uploads\/2021\/08\/DSC5076-200x300.jpg",200,300,true],"medium_large":["https:\/\/ruwannawasi.com\/wp-content\/uploads\/2021\/08\/DSC5076-768x1150.jpg",768,1150,true],"large":["https:\/\/ruwannawasi.com\/wp-content\/uploads\/2021\/08\/DSC5076-684x1024.jpg",684,1024,true],"1536x1536":["https:\/\/ruwannawasi.com\/wp-content\/uploads\/2021\/08\/DSC5076-1025x1536.jpg",1025,1536,true],"2048x2048":["https:\/\/ruwannawasi.com\/wp-content\/uploads\/2021\/08\/DSC5076-1367x2048.jpg",1367,2048,true],"trp-custom-language-flag":["https:\/\/ruwannawasi.com\/wp-content\/uploads\/2021\/08\/DSC5076-scaled.jpg",8,12,false],"woocommerce_thumbnail":["https:\/\/ruwannawasi.com\/wp-content\/uploads\/2021\/08\/DSC5076-300x390.jpg",300,390,true],"woocommerce_single":["https:\/\/ruwannawasi.com\/wp-content\/uploads\/2021\/08\/DSC5076-700x1049.jpg",700,1049,true],"woocommerce_gallery_thumbnail":["https:\/\/ruwannawasi.com\/wp-content\/uploads\/2021\/08\/DSC5076-100x100.jpg",100,100,true],"variation_swatches_image_size":["https:\/\/ruwannawasi.com\/wp-content\/uploads\/2021\/08\/DSC5076-50x50.jpg",50,50,true],"variation_swatches_tooltip_size":["https:\/\/ruwannawasi.com\/wp-content\/uploads\/2021\/08\/DSC5076-100x100.jpg",100,100,true]},"uagb_author_info":{"display_name":"winnybrendachuctayahuamani@gmail.com","author_link":"https:\/\/ruwannawasi.com\/en\/author\/"},"uagb_comment_info":0,"uagb_excerpt":"Hecha con suave y lujosa fibra de baby alpaca, esta capa es vers\u00e1til y elegante. Puedes lucir dos estilos diferentes en un mismo abrigo, y su dise\u00f1o escoc\u00e9s agrega un toque de estilo tradicional a cualquier conjunto. Adem\u00e1s, su corte favorecedor estiliza la figura femenina, brindando un look c\u00f3modo y abrigado para cualquier ocasi\u00f3n.","post_mailing_queue_ids":[],"_links":{"self":[{"href":"https:\/\/ruwannawasi.com\/en\/wp-json\/wp\/v2\/product\/339","targetHints":{"allow":["GET"]}}],"collection":[{"href":"https:\/\/ruwannawasi.com\/en\/wp-json\/wp\/v2\/product"}],"about":[{"href":"https:\/\/ruwannawasi.com\/en\/wp-json\/wp\/v2\/types\/product"}],"version-history":[{"count":3,"href":"https:\/\/ruwannawasi.com\/en\/wp-json\/wp\/v2\/product\/339\/revisions"}],"predecessor-version":[{"id":3029,"href":"https:\/\/ruwannawasi.com\/en\/wp-json\/wp\/v2\/product\/339\/revisions\/3029"}],"wp:featuredmedia":[{"embeddable":true,"href":"https:\/\/ruwannawasi.com\/en\/wp-json\/wp\/v2\/media\/2215"}],"wp:attachment":[{"href":"https:\/\/ruwannawasi.com\/en\/wp-json\/wp\/v2\/media?parent=339"}],"wp:term":[{"taxonomy":"product_brand","embeddable":true,"href":"https:\/\/ruwannawasi.com\/en\/wp-json\/wp\/v2\/product_brand?post=339"},{"taxonomy":"product_cat","embeddable":true,"href":"https:\/\/ruwannawasi.com\/en\/wp-json\/wp\/v2\/product_cat?post=339"},{"taxonomy":"product_tag","embeddable":true,"href":"https:\/\/ruwannawasi.com\/en\/wp-json\/wp\/v2\/product_tag?post=339"}],"curies":[{"name":"wp","href":"https:\/\/api.w.org\/{rel}","templated":true}]}}