{"id":3417,"date":"2025-12-26T21:01:06","date_gmt":"2025-12-26T20:01:06","guid":{"rendered":"https:\/\/ruwannawasi.com\/?post_type=product&#038;p=3417"},"modified":"2025-12-26T21:01:06","modified_gmt":"2025-12-26T20:01:06","slug":"amarena-sweater-rojo","status":"publish","type":"product","link":"https:\/\/ruwannawasi.com\/en\/product\/amarena-sweater-rojo\/","title":{"rendered":"Amarena Sweater  &#8211; Rojo"},"content":{"rendered":"","protected":false},"excerpt":{"rendered":"<div class=\"woocommerce-product-details__short-description\">\n<p>Suavidad y estilo se unen en este hermoso su\u00e9ter de cuello redondo. Su delicado tejido en tono claro se realza con un llamativo patr\u00f3n de flores marrones, perfecto para un look moderno y acogedor.<br \/>\nComposici\u00f3n 100% baby alpaca<\/p>\n<\/div>\n<form class=\"variations_form cart wvs-loaded\" action=\"https:\/\/ruwannawasi.com\/en\/product\/amarena-cardigan\/\" enctype=\"multipart\/form-data\" method=\"post\" data-product_id=\"3253\" data-product_variations=\"[{&quot;attributes&quot;:{&quot;attribute_pa_talla&quot;:&quot;m&quot;},&quot;availability_html&quot;:&quot;\\t\\t\\t\\t&lt;p class=\\&quot;ast-stock-detail\\&quot;&gt;\\r\\n\\t\\t\\t\\t\\t&lt;span class=\\&quot;ast-stock-avail\\&quot;&gt;Disponibilidad:&lt;\\\/span&gt;\\r\\n\\t\\t\\t\\t\\t&lt;span class=\\&quot;stock in-stock\\&quot;&gt;Solo quedan 1 disponibles&lt;\\\/span&gt;\\r\\n\\t\\t\\t\\t&lt;\\\/p&gt;\\r\\n\\t\\t\\t\\t&quot;,&quot;backorders_allowed&quot;:false,&quot;dimensions&quot;:{&quot;length&quot;:&quot;&quot;,&quot;width&quot;:&quot;&quot;,&quot;height&quot;:&quot;&quot;},&quot;dimensions_html&quot;:&quot;N\\\/D&quot;,&quot;display_price&quot;:459,&quot;display_regular_price&quot;:459,&quot;image&quot;:{&quot;title&quot;:&quot;SWEATERS&quot;,&quot;caption&quot;:&quot;&quot;,&quot;url&quot;:&quot;https:\\\/\\\/ruwannawasi.com\\\/wp-content\\\/uploads\\\/2025\\\/06\\\/SWEATERS.png&quot;,&quot;alt&quot;:&quot;SWEATERS&quot;,&quot;src&quot;:&quot;https:\\\/\\\/ruwannawasi.com\\\/wp-content\\\/uploads\\\/2025\\\/06\\\/SWEATERS.png&quot;,&quot;srcset&quot;:&quot;https:\\\/\\\/ruwannawasi.com\\\/wp-content\\\/uploads\\\/2025\\\/06\\\/SWEATERS.png 640w, https:\\\/\\\/ruwannawasi.com\\\/wp-content\\\/uploads\\\/2025\\\/06\\\/SWEATERS-196x300.png 196w&quot;,&quot;sizes&quot;:&quot;(max-width: 640px) 100vw, 640px&quot;,&quot;full_src&quot;:&quot;https:\\\/\\\/ruwannawasi.com\\\/wp-content\\\/uploads\\\/2025\\\/06\\\/SWEATERS.png&quot;,&quot;full_src_w&quot;:640,&quot;full_src_h&quot;:980,&quot;gallery_thumbnail_src&quot;:&quot;https:\\\/\\\/ruwannawasi.com\\\/wp-content\\\/uploads\\\/2025\\\/06\\\/SWEATERS-100x100.png&quot;,&quot;gallery_thumbnail_src_w&quot;:100,&quot;gallery_thumbnail_src_h&quot;:100,&quot;thumb_src&quot;:&quot;https:\\\/\\\/ruwannawasi.com\\\/wp-content\\\/uploads\\\/2025\\\/06\\\/SWEATERS-300x390.png&quot;,&quot;thumb_src_w&quot;:300,&quot;thumb_src_h&quot;:390,&quot;src_w&quot;:640,&quot;src_h&quot;:980},&quot;image_id&quot;:3330,&quot;is_downloadable&quot;:false,&quot;is_in_stock&quot;:true,&quot;is_purchasable&quot;:true,&quot;is_sold_individually&quot;:&quot;no&quot;,&quot;is_virtual&quot;:false,&quot;max_qty&quot;:1,&quot;min_qty&quot;:1,&quot;price_html&quot;:&quot;&quot;,&quot;sku&quot;:&quot;&quot;,&quot;variation_description&quot;:&quot;&quot;,&quot;variation_id&quot;:3256,&quot;variation_is_active&quot;:true,&quot;variation_is_visible&quot;:true,&quot;weight&quot;:&quot;&quot;,&quot;weight_html&quot;:&quot;N\\\/D&quot;},{&quot;attributes&quot;:{&quot;attribute_pa_talla&quot;:&quot;s&quot;},&quot;availability_html&quot;:&quot;\\t\\t\\t\\t&lt;p class=\\&quot;ast-stock-detail\\&quot;&gt;\\r\\n\\t\\t\\t\\t\\t&lt;span class=\\&quot;ast-stock-avail\\&quot;&gt;Disponibilidad:&lt;\\\/span&gt;\\r\\n\\t\\t\\t\\t\\t&lt;span class=\\&quot;stock in-stock\\&quot;&gt;Solo quedan 1 disponibles&lt;\\\/span&gt;\\r\\n\\t\\t\\t\\t&lt;\\\/p&gt;\\r\\n\\t\\t\\t\\t&quot;,&quot;backorders_allowed&quot;:false,&quot;dimensions&quot;:{&quot;length&quot;:&quot;&quot;,&quot;width&quot;:&quot;&quot;,&quot;height&quot;:&quot;&quot;},&quot;dimensions_html&quot;:&quot;N\\\/D&quot;,&quot;display_price&quot;:459,&quot;display_regular_price&quot;:459,&quot;image&quot;:{&quot;title&quot;:&quot;SWEATERS&quot;,&quot;caption&quot;:&quot;&quot;,&quot;url&quot;:&quot;https:\\\/\\\/ruwannawasi.com\\\/wp-content\\\/uploads\\\/2025\\\/06\\\/SWEATERS.png&quot;,&quot;alt&quot;:&quot;SWEATERS&quot;,&quot;src&quot;:&quot;https:\\\/\\\/ruwannawasi.com\\\/wp-content\\\/uploads\\\/2025\\\/06\\\/SWEATERS.png&quot;,&quot;srcset&quot;:&quot;https:\\\/\\\/ruwannawasi.com\\\/wp-content\\\/uploads\\\/2025\\\/06\\\/SWEATERS.png 640w, https:\\\/\\\/ruwannawasi.com\\\/wp-content\\\/uploads\\\/2025\\\/06\\\/SWEATERS-196x300.png 196w&quot;,&quot;sizes&quot;:&quot;(max-width: 640px) 100vw, 640px&quot;,&quot;full_src&quot;:&quot;https:\\\/\\\/ruwannawasi.com\\\/wp-content\\\/uploads\\\/2025\\\/06\\\/SWEATERS.png&quot;,&quot;full_src_w&quot;:640,&quot;full_src_h&quot;:980,&quot;gallery_thumbnail_src&quot;:&quot;https:\\\/\\\/ruwannawasi.com\\\/wp-content\\\/uploads\\\/2025\\\/06\\\/SWEATERS-100x100.png&quot;,&quot;gallery_thumbnail_src_w&quot;:100,&quot;gallery_thumbnail_src_h&quot;:100,&quot;thumb_src&quot;:&quot;https:\\\/\\\/ruwannawasi.com\\\/wp-content\\\/uploads\\\/2025\\\/06\\\/SWEATERS-300x390.png&quot;,&quot;thumb_src_w&quot;:300,&quot;thumb_src_h&quot;:390,&quot;src_w&quot;:640,&quot;src_h&quot;:980},&quot;image_id&quot;:3330,&quot;is_downloadable&quot;:false,&quot;is_in_stock&quot;:true,&quot;is_purchasable&quot;:true,&quot;is_sold_individually&quot;:&quot;no&quot;,&quot;is_virtual&quot;:false,&quot;max_qty&quot;:1,&quot;min_qty&quot;:1,&quot;price_html&quot;:&quot;&quot;,&quot;sku&quot;:&quot;&quot;,&quot;variation_description&quot;:&quot;&quot;,&quot;variation_id&quot;:3257,&quot;variation_is_active&quot;:true,&quot;variation_is_visible&quot;:true,&quot;weight&quot;:&quot;&quot;,&quot;weight_html&quot;:&quot;N\\\/D&quot;}]\" data-trp-original-action=\"https:\/\/ruwannawasi.com\/producto\/amarena-cardigan\/\">\n<div data-product_id=\"3253\" data-threshold_min=\"30\" data-threshold_max=\"100\" data-total=\"2\"><\/div>\n<input type=\"hidden\" name=\"trp-form-language\" value=\"en\"\/><\/form>","protected":false},"featured_media":3420,"template":"","meta":{"_eb_attr":"","_uag_custom_page_level_css":"","site-sidebar-layout":"default","site-content-layout":"","ast-site-content-layout":"default","site-content-style":"default","site-sidebar-style":"default","ast-global-header-display":"","ast-banner-title-visibility":"","ast-main-header-display":"","ast-hfb-above-header-display":"","ast-hfb-below-header-display":"","ast-hfb-mobile-header-display":"","site-post-title":"","ast-breadcrumbs-content":"","ast-featured-img":"","footer-sml-layout":"","theme-transparent-header-meta":"default","adv-header-id-meta":"","stick-header-meta":"","header-above-stick-meta":"","header-main-stick-meta":"","header-below-stick-meta":"","astra-migrate-meta-layouts":"set","ast-page-background-enabled":"default","ast-page-background-meta":{"desktop":{"background-color":"var(--ast-global-color-4)","background-image":"","background-repeat":"repeat","background-position":"center center","background-size":"auto","background-attachment":"scroll","background-type":"","background-media":"","overlay-type":"","overlay-color":"","overlay-opacity":"","overlay-gradient":""},"tablet":{"background-color":"","background-image":"","background-repeat":"repeat","background-position":"center center","background-size":"auto","background-attachment":"scroll","background-type":"","background-media":"","overlay-type":"","overlay-color":"","overlay-opacity":"","overlay-gradient":""},"mobile":{"background-color":"","background-image":"","background-repeat":"repeat","background-position":"center center","background-size":"auto","background-attachment":"scroll","background-type":"","background-media":"","overlay-type":"","overlay-color":"","overlay-opacity":"","overlay-gradient":""}},"ast-content-background-meta":{"desktop":{"background-color":"var(--ast-global-color-5)","background-image":"","background-repeat":"repeat","background-position":"center center","background-size":"auto","background-attachment":"scroll","background-type":"","background-media":"","overlay-type":"","overlay-color":"","overlay-opacity":"","overlay-gradient":""},"tablet":{"background-color":"var(--ast-global-color-5)","background-image":"","background-repeat":"repeat","background-position":"center center","background-size":"auto","background-attachment":"scroll","background-type":"","background-media":"","overlay-type":"","overlay-color":"","overlay-opacity":"","overlay-gradient":""},"mobile":{"background-color":"var(--ast-global-color-5)","background-image":"","background-repeat":"repeat","background-position":"center center","background-size":"auto","background-attachment":"scroll","background-type":"","background-media":"","overlay-type":"","overlay-color":"","overlay-opacity":"","overlay-gradient":""}}},"product_brand":[],"product_cat":[15,28],"product_tag":[],"class_list":{"0":"post-3417","1":"product","2":"type-product","3":"status-publish","4":"has-post-thumbnail","6":"product_cat-mujer","7":"product_cat-sweater-cardigan","8":"desktop-align-center","9":"tablet-align-left","10":"mobile-align-center","12":"first","13":"instock","14":"shipping-taxable","15":"purchasable","16":"product-type-variable"},"uagb_featured_image_src":{"full":["https:\/\/ruwannawasi.com\/wp-content\/uploads\/2025\/12\/85D5939-scaled.jpg",1707,2560,false],"thumbnail":["https:\/\/ruwannawasi.com\/wp-content\/uploads\/2025\/12\/85D5939-150x150.jpg",150,150,true],"medium":["https:\/\/ruwannawasi.com\/wp-content\/uploads\/2025\/12\/85D5939-200x300.jpg",200,300,true],"medium_large":["https:\/\/ruwannawasi.com\/wp-content\/uploads\/2025\/12\/85D5939-768x1152.jpg",768,1152,true],"large":["https:\/\/ruwannawasi.com\/wp-content\/uploads\/2025\/12\/85D5939-683x1024.jpg",683,1024,true],"1536x1536":["https:\/\/ruwannawasi.com\/wp-content\/uploads\/2025\/12\/85D5939-1024x1536.jpg",1024,1536,true],"2048x2048":["https:\/\/ruwannawasi.com\/wp-content\/uploads\/2025\/12\/85D5939-1365x2048.jpg",1365,2048,true],"trp-custom-language-flag":["https:\/\/ruwannawasi.com\/wp-content\/uploads\/2025\/12\/85D5939-8x12.jpg",8,12,true],"woocommerce_thumbnail":["https:\/\/ruwannawasi.com\/wp-content\/uploads\/2025\/12\/85D5939-300x390.jpg",300,390,true],"woocommerce_single":["https:\/\/ruwannawasi.com\/wp-content\/uploads\/2025\/12\/85D5939-700x1050.jpg",700,1050,true],"woocommerce_gallery_thumbnail":["https:\/\/ruwannawasi.com\/wp-content\/uploads\/2025\/12\/85D5939-100x100.jpg",100,100,true],"variation_swatches_image_size":["https:\/\/ruwannawasi.com\/wp-content\/uploads\/2025\/12\/85D5939-50x50.jpg",50,50,true],"variation_swatches_tooltip_size":["https:\/\/ruwannawasi.com\/wp-content\/uploads\/2025\/12\/85D5939-100x100.jpg",100,100,true]},"uagb_author_info":{"display_name":"winnybrendachuctayahuamani@gmail.com","author_link":"https:\/\/ruwannawasi.com\/en\/author\/"},"uagb_comment_info":0,"uagb_excerpt":"Suavidad y estilo se unen en este hermoso su\u00e9ter de cuello redondo. Su delicado tejido en tono claro se realza con un llamativo patr\u00f3n de flores marrones, perfecto para un look moderno y acogedor. Composici\u00f3n 100% baby alpaca","post_mailing_queue_ids":[],"_links":{"self":[{"href":"https:\/\/ruwannawasi.com\/en\/wp-json\/wp\/v2\/product\/3417","targetHints":{"allow":["GET"]}}],"collection":[{"href":"https:\/\/ruwannawasi.com\/en\/wp-json\/wp\/v2\/product"}],"about":[{"href":"https:\/\/ruwannawasi.com\/en\/wp-json\/wp\/v2\/types\/product"}],"version-history":[{"count":1,"href":"https:\/\/ruwannawasi.com\/en\/wp-json\/wp\/v2\/product\/3417\/revisions"}],"predecessor-version":[{"id":3424,"href":"https:\/\/ruwannawasi.com\/en\/wp-json\/wp\/v2\/product\/3417\/revisions\/3424"}],"wp:featuredmedia":[{"embeddable":true,"href":"https:\/\/ruwannawasi.com\/en\/wp-json\/wp\/v2\/media\/3420"}],"wp:attachment":[{"href":"https:\/\/ruwannawasi.com\/en\/wp-json\/wp\/v2\/media?parent=3417"}],"wp:term":[{"taxonomy":"product_brand","embeddable":true,"href":"https:\/\/ruwannawasi.com\/en\/wp-json\/wp\/v2\/product_brand?post=3417"},{"taxonomy":"product_cat","embeddable":true,"href":"https:\/\/ruwannawasi.com\/en\/wp-json\/wp\/v2\/product_cat?post=3417"},{"taxonomy":"product_tag","embeddable":true,"href":"https:\/\/ruwannawasi.com\/en\/wp-json\/wp\/v2\/product_tag?post=3417"}],"curies":[{"name":"wp","href":"https:\/\/api.w.org\/{rel}","templated":true}]}}