{"id":342,"date":"2021-08-20T11:36:38","date_gmt":"2021-08-20T09:36:38","guid":{"rendered":"https:\/\/ruwannawasi.com\/producto\/milky-gentle-cleanser\/"},"modified":"2024-08-02T19:29:38","modified_gmt":"2024-08-02T17:29:38","slug":"anna","status":"publish","type":"product","link":"https:\/\/ruwannawasi.com\/en\/product\/anna\/","title":{"rendered":"Sweater Anna"},"content":{"rendered":"","protected":false},"excerpt":{"rendered":"<p>Sweater de baby alpaca es un b\u00e1sico imprescindible para tu closet. Con un elegante cuello alto y botones que le a\u00f1aden un toque de estilo, te mantendr\u00e1 c\u00e1lida y elegante en cualquier ocasi\u00f3n<\/p>","protected":false},"featured_media":2189,"template":"","meta":{"_eb_attr":"","_uag_custom_page_level_css":"","site-sidebar-layout":"default","site-content-layout":"content-boxed-container","ast-site-content-layout":"normal-width-container","site-content-style":"boxed","site-sidebar-style":"unboxed","ast-global-header-display":"","ast-banner-title-visibility":"","ast-main-header-display":"","ast-hfb-above-header-display":"","ast-hfb-below-header-display":"","ast-hfb-mobile-header-display":"","site-post-title":"","ast-breadcrumbs-content":"","ast-featured-img":"","footer-sml-layout":"","theme-transparent-header-meta":"default","adv-header-id-meta":"","stick-header-meta":"","header-above-stick-meta":"","header-main-stick-meta":"","header-below-stick-meta":"","astra-migrate-meta-layouts":"set","ast-page-background-enabled":"default","ast-page-background-meta":{"desktop":{"background-color":"var(--ast-global-color-4)","background-image":"","background-repeat":"repeat","background-position":"center center","background-size":"auto","background-attachment":"scroll","background-type":"","background-media":"","overlay-type":"","overlay-color":"","overlay-opacity":"","overlay-gradient":""},"tablet":{"background-color":"","background-image":"","background-repeat":"repeat","background-position":"center center","background-size":"auto","background-attachment":"scroll","background-type":"","background-media":"","overlay-type":"","overlay-color":"","overlay-opacity":"","overlay-gradient":""},"mobile":{"background-color":"","background-image":"","background-repeat":"repeat","background-position":"center center","background-size":"auto","background-attachment":"scroll","background-type":"","background-media":"","overlay-type":"","overlay-color":"","overlay-opacity":"","overlay-gradient":""}},"ast-content-background-meta":{"desktop":{"background-color":"var(--ast-global-color-5)","background-image":"","background-repeat":"repeat","background-position":"center center","background-size":"auto","background-attachment":"scroll","background-type":"","background-media":"","overlay-type":"","overlay-color":"","overlay-opacity":"","overlay-gradient":""},"tablet":{"background-color":"var(--ast-global-color-5)","background-image":"","background-repeat":"repeat","background-position":"center center","background-size":"auto","background-attachment":"scroll","background-type":"","background-media":"","overlay-type":"","overlay-color":"","overlay-opacity":"","overlay-gradient":""},"mobile":{"background-color":"var(--ast-global-color-5)","background-image":"","background-repeat":"repeat","background-position":"center center","background-size":"auto","background-attachment":"scroll","background-type":"","background-media":"","overlay-type":"","overlay-color":"","overlay-opacity":"","overlay-gradient":""}}},"product_brand":[],"product_cat":[15,28],"product_tag":[],"class_list":{"0":"post-342","1":"product","2":"type-product","3":"status-publish","4":"has-post-thumbnail","6":"product_cat-mujer","7":"product_cat-sweater-cardigan","8":"pa_color-azul","9":"pa_color-azul-marino","10":"pa_color-beige","11":"pa_color-crema","12":"pa_color-fucsia","13":"pa_color-gris","14":"pa_color-mostaza","15":"pa_color-naranja-1","16":"pa_color-negro","17":"pa_color-palo-rosa","18":"pa_color-rojo","19":"desktop-align-center","20":"tablet-align-left","21":"mobile-align-center","23":"first","24":"instock","25":"shipping-taxable","26":"purchasable","27":"product-type-variable"},"uagb_featured_image_src":{"full":["https:\/\/ruwannawasi.com\/wp-content\/uploads\/2023\/09\/DSC5092-scaled.jpg",1709,2560,false],"thumbnail":["https:\/\/ruwannawasi.com\/wp-content\/uploads\/2023\/09\/DSC5092-150x150.jpg",150,150,true],"medium":["https:\/\/ruwannawasi.com\/wp-content\/uploads\/2023\/09\/DSC5092-200x300.jpg",200,300,true],"medium_large":["https:\/\/ruwannawasi.com\/wp-content\/uploads\/2023\/09\/DSC5092-768x1150.jpg",768,1150,true],"large":["https:\/\/ruwannawasi.com\/wp-content\/uploads\/2023\/09\/DSC5092-684x1024.jpg",684,1024,true],"1536x1536":["https:\/\/ruwannawasi.com\/wp-content\/uploads\/2023\/09\/DSC5092-1025x1536.jpg",1025,1536,true],"2048x2048":["https:\/\/ruwannawasi.com\/wp-content\/uploads\/2023\/09\/DSC5092-1367x2048.jpg",1367,2048,true],"trp-custom-language-flag":["https:\/\/ruwannawasi.com\/wp-content\/uploads\/2023\/09\/DSC5092-scaled.jpg",8,12,false],"woocommerce_thumbnail":["https:\/\/ruwannawasi.com\/wp-content\/uploads\/2023\/09\/DSC5092-300x390.jpg",300,390,true],"woocommerce_single":["https:\/\/ruwannawasi.com\/wp-content\/uploads\/2023\/09\/DSC5092-700x1049.jpg",700,1049,true],"woocommerce_gallery_thumbnail":["https:\/\/ruwannawasi.com\/wp-content\/uploads\/2023\/09\/DSC5092-100x100.jpg",100,100,true],"variation_swatches_image_size":["https:\/\/ruwannawasi.com\/wp-content\/uploads\/2023\/09\/DSC5092-50x50.jpg",50,50,true],"variation_swatches_tooltip_size":["https:\/\/ruwannawasi.com\/wp-content\/uploads\/2023\/09\/DSC5092-100x100.jpg",100,100,true]},"uagb_author_info":{"display_name":"winnybrendachuctayahuamani@gmail.com","author_link":"https:\/\/ruwannawasi.com\/en\/author\/"},"uagb_comment_info":0,"uagb_excerpt":"Sweater de baby alpaca es un b\u00e1sico imprescindible para tu closet. Con un elegante cuello alto y botones que le a\u00f1aden un toque de estilo, te mantendr\u00e1 c\u00e1lida y elegante en cualquier ocasi\u00f3n","post_mailing_queue_ids":[],"_links":{"self":[{"href":"https:\/\/ruwannawasi.com\/en\/wp-json\/wp\/v2\/product\/342","targetHints":{"allow":["GET"]}}],"collection":[{"href":"https:\/\/ruwannawasi.com\/en\/wp-json\/wp\/v2\/product"}],"about":[{"href":"https:\/\/ruwannawasi.com\/en\/wp-json\/wp\/v2\/types\/product"}],"version-history":[{"count":2,"href":"https:\/\/ruwannawasi.com\/en\/wp-json\/wp\/v2\/product\/342\/revisions"}],"predecessor-version":[{"id":2188,"href":"https:\/\/ruwannawasi.com\/en\/wp-json\/wp\/v2\/product\/342\/revisions\/2188"}],"wp:featuredmedia":[{"embeddable":true,"href":"https:\/\/ruwannawasi.com\/en\/wp-json\/wp\/v2\/media\/2189"}],"wp:attachment":[{"href":"https:\/\/ruwannawasi.com\/en\/wp-json\/wp\/v2\/media?parent=342"}],"wp:term":[{"taxonomy":"product_brand","embeddable":true,"href":"https:\/\/ruwannawasi.com\/en\/wp-json\/wp\/v2\/product_brand?post=342"},{"taxonomy":"product_cat","embeddable":true,"href":"https:\/\/ruwannawasi.com\/en\/wp-json\/wp\/v2\/product_cat?post=342"},{"taxonomy":"product_tag","embeddable":true,"href":"https:\/\/ruwannawasi.com\/en\/wp-json\/wp\/v2\/product_tag?post=342"}],"curies":[{"name":"wp","href":"https:\/\/api.w.org\/{rel}","templated":true}]}}